{"id":930,"date":"2018-12-18T10:17:21","date_gmt":"2018-12-18T09:17:21","guid":{"rendered":"https:\/\/www.campinglesplatanesardeche.com\/lardeche\/"},"modified":"2019-03-04T10:51:38","modified_gmt":"2019-03-04T09:51:38","slug":"de-ardeche","status":"publish","type":"page","link":"https:\/\/www.campinglesplatanesardeche.com\/nl\/de-ardeche\/","title":{"rendered":"De Ard\u00e8che"},"content":{"rendered":"<p><div class=\"fusion-fullwidth fullwidth-box fusion-builder-row-1 nonhundred-percent-fullwidth non-hundred-percent-height-scrolling\" style=\"--awb-border-radius-top-left:0px;--awb-border-radius-top-right:0px;--awb-border-radius-bottom-right:0px;--awb-border-radius-bottom-left:0px;--awb-flex-wrap:wrap;\" ><div class=\"fusion-builder-row fusion-row\"><div class=\"fusion-layout-column fusion_builder_column fusion-builder-column-0 fusion_builder_column_1_1 1_1 fusion-one-full fusion-column-first fusion-column-last\" style=\"--awb-bg-size:cover;\"><div class=\"fusion-column-wrapper fusion-flex-column-wrapper-legacy\"><div class=\"fusion-title title fusion-title-1 fusion-title-center fusion-title-text fusion-title-size-one\"><div class=\"title-sep-container title-sep-container-left\"><div class=\"title-sep sep-single sep-solid\" style=\"border-color:#e0dede;\"><\/div><\/div><span class=\"awb-title-spacer\"><\/span><h1 class=\"fusion-title-heading title-heading-center\" style=\"margin:0;\">De <span class=\"nd\">Ard\u00e8che<\/span><\/h1><span class=\"awb-title-spacer\"><\/span><div class=\"title-sep-container title-sep-container-right\"><div class=\"title-sep sep-single sep-solid\" style=\"border-color:#e0dede;\"><\/div><\/div><\/div><div class=\"fusion-title title fusion-title-2 fusion-title-text fusion-title-size-two\"><h2 class=\"fusion-title-heading title-heading-left\" style=\"margin:0;\">Zuid-Ard\u00e8che: natuurbestemming<\/h2><span class=\"awb-title-spacer\"><\/span><div class=\"title-sep-container\"><div class=\"title-sep sep-single sep-solid\" style=\"border-color:#e0dede;\"><\/div><\/div><\/div><div class=\"fusion-text fusion-text-1\"><p><strong>De Ard\u00e8che\u00a0<\/strong>is een departement met een grote diversiteit aan landschappen.<\/p>\n<p>De beroemde <strong>Pont d&#8217;Arc<\/strong>, de <strong>Gorges de l&#8217;Ard\u00e8che<\/strong>, de typische <strong>Ard\u00e8che-dorpen<\/strong>, de rivieren de Ard\u00e8che, Beaume en Chassezac, de grotten, avens maar ook de beschermde natuur maken van de Ard\u00e8che de eerste Franse toeristische bestemming buiten de kusten.<\/p>\n<p>Onze <a href=\"\/nl\/camping\/\"><strong>camping<\/strong><\/a>, gelegen in het zuiden van de Ard\u00e8che, beschikt over <a href=\"\/nl\/stacaravan\/\"><strong>stacaravans<\/strong><\/a>\u00a0en\u00a0<a href=\"\/nl\/camping\/\"><strong>staanplaatsen voor tenten<\/strong><\/a>. Hij is ideaal gelegen om al deze opmerkelijke plaatsen te ontdekken.<\/p>\n<\/div><div class=\"fusion-clearfix\"><\/div><\/div><\/div><\/div><\/div><div class=\"fusion-fullwidth fullwidth-box fusion-builder-row-2 nonhundred-percent-fullwidth non-hundred-percent-height-scrolling\" style=\"--awb-border-radius-top-left:0px;--awb-border-radius-top-right:0px;--awb-border-radius-bottom-right:0px;--awb-border-radius-bottom-left:0px;--awb-flex-wrap:wrap;\" ><div class=\"fusion-builder-row fusion-row\"><div class=\"fusion-layout-column fusion_builder_column fusion-builder-column-1 fusion_builder_column_1_1 1_1 fusion-one-full fusion-column-first fusion-column-last\" style=\"--awb-bg-size:cover;\"><div class=\"fusion-column-wrapper fusion-flex-column-wrapper-legacy\"><div class=\"fusion-title title fusion-title-3 fusion-title-text fusion-title-size-two\"><h2 class=\"fusion-title-heading title-heading-left\" style=\"margin:0;\">De bezienswaardigheden van de Ard\u00e8che<\/h2><span class=\"awb-title-spacer\"><\/span><div class=\"title-sep-container\"><div class=\"title-sep sep-single sep-solid\" style=\"border-color:#e0dede;\"><\/div><\/div><\/div><div class=\"fusion-clearfix\"><\/div><\/div><\/div><div class=\"fusion-layout-column fusion_builder_column fusion-builder-column-2 fusion_builder_column_1_3 1_3 fusion-one-third fusion-column-first bloc-activites\" style=\"--awb-bg-size:cover;width:33.333333333333%;width:calc(33.333333333333% - ( ( 4% + 4% ) * 0.33333333333333 ) );margin-right: 4%;\"><div class=\"fusion-column-wrapper fusion-flex-column-wrapper-legacy\"><div class=\"fusion-title title fusion-title-4 fusion-sep-none fusion-title-text fusion-title-size-three\"><h3 class=\"fusion-title-heading title-heading-left\" style=\"margin:0;\">Le Pont d&#8217;Arc, op 15 km van de camping<\/h3><\/div><div class=\"fusion-image-element fusion-image-align-center in-legacy-container\" style=\"text-align:center;--awb-caption-title-font-family:var(--h2_typography-font-family);--awb-caption-title-font-weight:var(--h2_typography-font-weight);--awb-caption-title-font-style:var(--h2_typography-font-style);--awb-caption-title-size:var(--h2_typography-font-size);--awb-caption-title-transform:var(--h2_typography-text-transform);--awb-caption-title-line-height:var(--h2_typography-line-height);--awb-caption-title-letter-spacing:var(--h2_typography-letter-spacing);\"><div class=\"imageframe-align-center\"><span class=\" fusion-imageframe imageframe-none imageframe-1 hover-type-none\"><a href=\"https:\/\/www.campinglesplatanesardeche.com\/wp-content\/uploads\/ardeche6.jpg\" class=\"fusion-lightbox\" data-rel=\"iLightbox[activites]\" data-title=\"Pont d&#8217;Arc\" title=\"Pont d&#8217;Arc\"><img decoding=\"async\" width=\"600\" height=\"400\" alt=\"Pont d&#039;Arc\" src=\"data:image\/svg+xml,%3Csvg%20xmlns%3D%27http%3A%2F%2Fwww.w3.org%2F2000%2Fsvg%27%20width%3D%271200%27%20height%3D%27900%27%20viewBox%3D%270%200%201200%20900%27%3E%3Crect%20width%3D%271200%27%20height%3D%27900%27%20fill-opacity%3D%220%22%2F%3E%3C%2Fsvg%3E\" data-orig-src=\"https:\/\/www.campinglesplatanesardeche.com\/wp-content\/uploads\/ardeche6-600x400.jpg\" class=\"lazyload img-responsive wp-image-983\"\/><\/a><\/span><\/div><\/div><div class=\"fusion-text fusion-text-2\"><p>Le Pont d&#8217;Arc, gelegen in de gemeente <strong>Vallon Pont d&#8217;Arc<\/strong>, is een natuurlijke boog van ongeveer 30 meter hoog, geclassificeerd als Grand Site van Frankrijk.<\/p>\n<p>Le Pont d&#8217;Arc ligt aan de rivier de Ard\u00e8che en markeert de toegang tot het natuurreservaat van Gorges de l&#8217;Ard\u00e8che.<\/p>\n<\/div><div class=\"fusion-clearfix\"><\/div><\/div><\/div><div class=\"fusion-layout-column fusion_builder_column fusion-builder-column-3 fusion_builder_column_1_3 1_3 fusion-one-third bloc-activites\" style=\"--awb-bg-size:cover;width:33.333333333333%;width:calc(33.333333333333% - ( ( 4% + 4% ) * 0.33333333333333 ) );margin-right: 4%;\"><div class=\"fusion-column-wrapper fusion-flex-column-wrapper-legacy\"><div class=\"fusion-title title fusion-title-5 fusion-sep-none fusion-title-text fusion-title-size-three\"><h3 class=\"fusion-title-heading title-heading-left\" style=\"margin:0;\">Gorges de l&#8217;Ard\u00e8che<\/h3><\/div><div class=\"fusion-image-element fusion-image-align-center in-legacy-container\" style=\"text-align:center;--awb-caption-title-font-family:var(--h2_typography-font-family);--awb-caption-title-font-weight:var(--h2_typography-font-weight);--awb-caption-title-font-style:var(--h2_typography-font-style);--awb-caption-title-size:var(--h2_typography-font-size);--awb-caption-title-transform:var(--h2_typography-text-transform);--awb-caption-title-line-height:var(--h2_typography-line-height);--awb-caption-title-letter-spacing:var(--h2_typography-letter-spacing);\"><div class=\"imageframe-align-center\"><span class=\" fusion-imageframe imageframe-none imageframe-2 hover-type-none\"><a href=\"https:\/\/www.campinglesplatanesardeche.com\/wp-content\/uploads\/ardeche5.jpg\" class=\"fusion-lightbox\" data-rel=\"iLightbox[activites]\" data-title=\"Les Gorges de l&#8217;Ard\u00e8che\" title=\"Les Gorges de l&#8217;Ard\u00e8che\"><img decoding=\"async\" width=\"600\" height=\"400\" alt=\"Les Gorges de l&#039;Ard\u00e8che\" src=\"data:image\/svg+xml,%3Csvg%20xmlns%3D%27http%3A%2F%2Fwww.w3.org%2F2000%2Fsvg%27%20width%3D%27912%27%20height%3D%27684%27%20viewBox%3D%270%200%20912%20684%27%3E%3Crect%20width%3D%27912%27%20height%3D%27684%27%20fill-opacity%3D%220%22%2F%3E%3C%2Fsvg%3E\" data-orig-src=\"https:\/\/www.campinglesplatanesardeche.com\/wp-content\/uploads\/ardeche5-600x400.jpg\" class=\"lazyload img-responsive wp-image-980\"\/><\/a><\/span><\/div><\/div><div class=\"fusion-text fusion-text-3\"><p>De rivierengten <strong>Gorges de l&#8217;Ard\u00e8che<\/strong> beginnen bij Vallon Pont d&#8217;Arc en Pont d&#8217;Arc.<\/p>\n<p>De rivierengten lopen door een canyon over een dertigtal kilometer en eindigen in Saint Martin d&#8217;Ard\u00e8che in het zuiden van het departement.<\/p>\n<p>Talloze toeristen maken hier jaarlijks per <a href=\"https:\/\/www.ardeche.com\/nl\/canoeing\/index.php\" target=\"_blank\" rel=\"noopener noreferrer\">kano<\/a> een afdaling via de Gorges de l&#8217;Ard\u00e8che.<\/p>\n<\/div><div class=\"fusion-clearfix\"><\/div><\/div><\/div><div class=\"fusion-layout-column fusion_builder_column fusion-builder-column-4 fusion_builder_column_1_3 1_3 fusion-one-third fusion-column-last bloc-activites\" style=\"--awb-bg-size:cover;width:33.333333333333%;width:calc(33.333333333333% - ( ( 4% + 4% ) * 0.33333333333333 ) );\"><div class=\"fusion-column-wrapper fusion-flex-column-wrapper-legacy\"><div class=\"fusion-title title fusion-title-6 fusion-sep-none fusion-title-text fusion-title-size-three\"><h3 class=\"fusion-title-heading title-heading-left\" style=\"margin:0;\">De typische Ard\u00e9che-dorpen<\/h3><\/div><div class=\"fusion-image-element fusion-image-align-center in-legacy-container\" style=\"text-align:center;--awb-caption-title-font-family:var(--h2_typography-font-family);--awb-caption-title-font-weight:var(--h2_typography-font-weight);--awb-caption-title-font-style:var(--h2_typography-font-style);--awb-caption-title-size:var(--h2_typography-font-size);--awb-caption-title-transform:var(--h2_typography-text-transform);--awb-caption-title-line-height:var(--h2_typography-line-height);--awb-caption-title-letter-spacing:var(--h2_typography-letter-spacing);\"><div class=\"imageframe-align-center\"><span class=\" fusion-imageframe imageframe-none imageframe-3 hover-type-none\"><a href=\"https:\/\/www.campinglesplatanesardeche.com\/wp-content\/uploads\/ardeche4.jpg\" class=\"fusion-lightbox\" data-rel=\"iLightbox[activites]\" data-title=\"Balazuc &#8211; Typische Ard\u00e8che-dorpen\" title=\"Balazuc &#8211; Typische Ard\u00e8che-dorpen\"><img decoding=\"async\" width=\"600\" height=\"400\" alt=\"Balazuc - Typische Ard\u00e8che-dorpen\" src=\"data:image\/svg+xml,%3Csvg%20xmlns%3D%27http%3A%2F%2Fwww.w3.org%2F2000%2Fsvg%27%20width%3D%27912%27%20height%3D%27684%27%20viewBox%3D%270%200%20912%20684%27%3E%3Crect%20width%3D%27912%27%20height%3D%27684%27%20fill-opacity%3D%220%22%2F%3E%3C%2Fsvg%3E\" data-orig-src=\"https:\/\/www.campinglesplatanesardeche.com\/wp-content\/uploads\/ardeche4-600x400.jpg\" class=\"lazyload img-responsive wp-image-981\"\/><\/a><\/span><\/div><\/div><div class=\"fusion-text fusion-text-4\"><p>De dorpen Balazuc, Vog\u00fc\u00e9 en Labeaume zijn ingedeeld als de Mooiste dorpen van Frankrijk; een bezoek aan deze dorpen is zeker de moeite waard!<\/p>\n<p>Het Karakteristieke dorp Labeaume is te voet bereikbaar vanaf de camping langs het pad van \u2018Gorges de la Beaume\u2019 (wandeling van 8 km heen\/terug).<\/p>\n<p>Het departement Ard\u00e8che heeft ook dorpen met het label \u2018Villages de Caract\u00e8re\u2019, momenteel zijn er meer dan twintig karakteristieke dorpen die dit label kregen toegekend in de Ard\u00e8che.<\/p>\n<\/div><div class=\"fusion-clearfix\"><\/div><\/div><\/div><div class=\"fusion-layout-column fusion_builder_column fusion-builder-column-5 fusion_builder_column_1_3 1_3 fusion-one-third fusion-column-first bloc-activites\" style=\"--awb-bg-size:cover;width:33.333333333333%;width:calc(33.333333333333% - ( ( 4% + 4% ) * 0.33333333333333 ) );margin-right: 4%;\"><div class=\"fusion-column-wrapper fusion-flex-column-wrapper-legacy\"><div class=\"fusion-title title fusion-title-7 fusion-sep-none fusion-title-text fusion-title-size-three\"><h3 class=\"fusion-title-heading title-heading-left\" style=\"margin:0;\">De rivieren<\/h3><\/div><div class=\"fusion-image-element fusion-image-align-center in-legacy-container\" style=\"text-align:center;--awb-caption-title-font-family:var(--h2_typography-font-family);--awb-caption-title-font-weight:var(--h2_typography-font-weight);--awb-caption-title-font-style:var(--h2_typography-font-style);--awb-caption-title-size:var(--h2_typography-font-size);--awb-caption-title-transform:var(--h2_typography-text-transform);--awb-caption-title-line-height:var(--h2_typography-line-height);--awb-caption-title-letter-spacing:var(--h2_typography-letter-spacing);\"><div class=\"imageframe-align-center\"><span class=\" fusion-imageframe imageframe-none imageframe-4 hover-type-none\"><a href=\"https:\/\/www.campinglesplatanesardeche.com\/wp-content\/uploads\/ardeche7.jpg\" class=\"fusion-lightbox\" data-rel=\"iLightbox[activites]\" data-title=\"Kano op de Ard\u00e8che\" title=\"Kano op de Ard\u00e8che\"><img decoding=\"async\" width=\"600\" height=\"400\" alt=\"Kano op de Ard\u00e8che\" src=\"data:image\/svg+xml,%3Csvg%20xmlns%3D%27http%3A%2F%2Fwww.w3.org%2F2000%2Fsvg%27%20width%3D%271093%27%20height%3D%27476%27%20viewBox%3D%270%200%201093%20476%27%3E%3Crect%20width%3D%271093%27%20height%3D%27476%27%20fill-opacity%3D%220%22%2F%3E%3C%2Fsvg%3E\" data-orig-src=\"https:\/\/www.campinglesplatanesardeche.com\/wp-content\/uploads\/ardeche7-600x400.jpg\" class=\"lazyload img-responsive wp-image-977\"\/><\/a><\/span><\/div><\/div><div class=\"fusion-text fusion-text-5\"><p>De rivier Ard\u00e8che heeft zijn bron op 1467 m boven de zeespiegel, vlakbij de bergpas van Chavade in het Ard\u00e8che-gebergte en stroomt naar het uiterste zuiden van het departement.<\/p>\n<p>De belangrijkste zijrivieren van de Ard\u00e8che zijn Chassezac, Labeaume en Volane.<br \/>\nEen <strong>afdaling per kano over de Ard\u00e8che<\/strong> is toegankelijk voor iedereen tussen mei en oktober.<br \/>\nEr zijn talloze verhuurders van kano&#8217;s in Zuid-Ard\u00e8che.<\/p>\n<p>De Beaume stroomt langs de camping in de lente wanneer het waterpeil voldoende hoog is.<\/p>\n<\/div><div class=\"fusion-clearfix\"><\/div><\/div><\/div><div class=\"fusion-layout-column fusion_builder_column fusion-builder-column-6 fusion_builder_column_1_3 1_3 fusion-one-third bloc-activites\" style=\"--awb-bg-size:cover;width:33.333333333333%;width:calc(33.333333333333% - ( ( 4% + 4% ) * 0.33333333333333 ) );margin-right: 4%;\"><div class=\"fusion-column-wrapper fusion-flex-column-wrapper-legacy\"><div class=\"fusion-title title fusion-title-8 fusion-sep-none fusion-title-text fusion-title-size-three\"><h3 class=\"fusion-title-heading title-heading-left\" style=\"margin:0;\">De grotten<\/h3><\/div><div class=\"fusion-image-element fusion-image-align-center in-legacy-container\" style=\"text-align:center;--awb-caption-title-font-family:var(--h2_typography-font-family);--awb-caption-title-font-weight:var(--h2_typography-font-weight);--awb-caption-title-font-style:var(--h2_typography-font-style);--awb-caption-title-size:var(--h2_typography-font-size);--awb-caption-title-transform:var(--h2_typography-text-transform);--awb-caption-title-line-height:var(--h2_typography-line-height);--awb-caption-title-letter-spacing:var(--h2_typography-letter-spacing);\"><div class=\"imageframe-align-center\"><span class=\" fusion-imageframe imageframe-none imageframe-5 hover-type-none\"><a href=\"https:\/\/www.campinglesplatanesardeche.com\/wp-content\/uploads\/ardeche2.jpg\" class=\"fusion-lightbox\" data-rel=\"iLightbox[activites]\" data-title=\"De Chauvet-grot &#8211; Pont d&#8217;Arc &#8211; Le panneau des lions \u00a9Patrick venturier\" title=\"De Chauvet-grot &#8211; Pont d&#8217;Arc &#8211; Le panneau des lions \u00a9Patrick venturier\"><img decoding=\"async\" width=\"600\" height=\"400\" alt=\"De Chauvet-grot - Pont d&#039;Arc - Le panneau des lions \u00a9Patrick venturier\" src=\"https:\/\/www.campinglesplatanesardeche.com\/wp-content\/uploads\/ardeche2.jpg\" data-orig-src=\"https:\/\/www.campinglesplatanesardeche.com\/wp-content\/uploads\/ardeche2-600x400.jpg\" class=\"lazyload img-responsive wp-image-982\" srcset=\"data:image\/svg+xml,%3Csvg%20xmlns%3D%27http%3A%2F%2Fwww.w3.org%2F2000%2Fsvg%27%20width%3D%271200%27%20height%3D%27800%27%20viewBox%3D%270%200%201200%20800%27%3E%3Crect%20width%3D%271200%27%20height%3D%27800%27%20fill-opacity%3D%220%22%2F%3E%3C%2Fsvg%3E\" data-srcset=\"https:\/\/www.campinglesplatanesardeche.com\/wp-content\/uploads\/ardeche2-200x133.jpg 200w, https:\/\/www.campinglesplatanesardeche.com\/wp-content\/uploads\/ardeche2-400x267.jpg 400w, https:\/\/www.campinglesplatanesardeche.com\/wp-content\/uploads\/ardeche2-600x400.jpg 600w, https:\/\/www.campinglesplatanesardeche.com\/wp-content\/uploads\/ardeche2-800x533.jpg 800w, https:\/\/www.campinglesplatanesardeche.com\/wp-content\/uploads\/ardeche2.jpg 1200w\" data-sizes=\"auto\" data-orig-sizes=\"(max-width: 900px) 100vw, 600px\" \/><\/a><\/span><\/div><\/div><div class=\"fusion-text fusion-text-6\"><p>De <strong>Chauvet-grot<\/strong> &#8211; Pont d&#8217;Arc werd op 18 december 1994 in Vallon Pont d&#8217;Arc ontdekt, er zijn muurschilderingen van 36.000 jaar oud.<\/p>\n<p>De Chauvet-grot &#8211; Pont d&#8217;Arc is de oudste prehistorische versierde holte die tot op heden bekend is.<br \/>\nBezoek aan de Chauvet-grot &#8211; Pont d&#8217;Arc, een deel van de grot is sinds 2014 opengesteld voor het publiek.<\/p>\n<p>De Ard\u00e8che heeft vele andere grotten die opengesteld zijn voor het publiek: de grot van Aven d&#8217;Orgnac, de grot van Madeleine &#8230;<\/p>\n<\/div><div class=\"fusion-clearfix\"><\/div><\/div><\/div><div class=\"fusion-layout-column fusion_builder_column fusion-builder-column-7 fusion_builder_column_1_3 1_3 fusion-one-third fusion-column-last bloc-activites\" style=\"--awb-bg-size:cover;width:33.333333333333%;width:calc(33.333333333333% - ( ( 4% + 4% ) * 0.33333333333333 ) );\"><div class=\"fusion-column-wrapper fusion-flex-column-wrapper-legacy\"><div class=\"fusion-title title fusion-title-9 fusion-sep-none fusion-title-text fusion-title-size-three\"><h3 class=\"fusion-title-heading title-heading-left\" style=\"margin:0;\">Een behouden natuur<\/h3><\/div><div class=\"fusion-image-element fusion-image-align-center in-legacy-container\" style=\"text-align:center;--awb-caption-title-font-family:var(--h2_typography-font-family);--awb-caption-title-font-weight:var(--h2_typography-font-weight);--awb-caption-title-font-style:var(--h2_typography-font-style);--awb-caption-title-size:var(--h2_typography-font-size);--awb-caption-title-transform:var(--h2_typography-text-transform);--awb-caption-title-line-height:var(--h2_typography-line-height);--awb-caption-title-letter-spacing:var(--h2_typography-letter-spacing);\"><div class=\"imageframe-align-center\"><span class=\" fusion-imageframe imageframe-none imageframe-6 hover-type-none\"><a href=\"https:\/\/www.campinglesplatanesardeche.com\/wp-content\/uploads\/ardeche1.jpg\" class=\"fusion-lightbox\" data-rel=\"iLightbox[activites]\" data-title=\"Ard\u00e8che landschap\" title=\"Ard\u00e8che landschap\"><img decoding=\"async\" width=\"600\" height=\"400\" alt=\"Ard\u00e8che landschap\" src=\"data:image\/svg+xml,%3Csvg%20xmlns%3D%27http%3A%2F%2Fwww.w3.org%2F2000%2Fsvg%27%20width%3D%271093%27%20height%3D%27476%27%20viewBox%3D%270%200%201093%20476%27%3E%3Crect%20width%3D%271093%27%20height%3D%27476%27%20fill-opacity%3D%220%22%2F%3E%3C%2Fsvg%3E\" data-orig-src=\"https:\/\/www.campinglesplatanesardeche.com\/wp-content\/uploads\/ardeche1-600x400.jpg\" class=\"lazyload img-responsive wp-image-978\"\/><\/a><\/span><\/div><\/div><div class=\"fusion-text fusion-text-7\"><p>Het departement Ard\u00e8che is een landelijk departement.<\/p>\n<p>Het departement zorgt voor het behoud van ongerepte landschappen, natuurlijke rivieren en opmerkelijke paden die leiden naar even typische dorpjes.<\/p>\n<\/div><div class=\"fusion-clearfix\"><\/div><\/div><\/div><div class=\"fusion-layout-column fusion_builder_column fusion-builder-column-8 fusion_builder_column_2_3 2_3 fusion-two-third fusion-column-first\" style=\"--awb-bg-size:cover;width:66.666666666667%;width:calc(66.666666666667% - ( ( 4% ) * 0.66666666666667 ) );margin-right: 4%;\"><div class=\"fusion-column-wrapper fusion-flex-column-wrapper-legacy\"><div class=\"fusion-title title fusion-title-10 fusion-sep-none fusion-title-text fusion-title-size-three\"><h3 class=\"fusion-title-heading title-heading-left\" style=\"margin:0;\">Markten<\/h3><\/div><div class=\"fusion-text fusion-text-8\"><p>In het zuiden van de Ard\u00e8che zijn er vele markten voor een bezoek in de ochtend of avond. U kunt er de traditionele streekproducten ontdekken. De meest bekende markten zijn Joyeuse en Vans, op 5 en 10 km van de camping.<\/p>\n<p>De <strong>Camping des Platanes in Rosi\u00e8res<\/strong> is ideaal gelegen om u een grote vari\u00ebteit aan landschappen te laten ontdekken over een twintigtal kilometer: van de bergen van Pi\u00e9monte C\u00e9venol tot het kreupelhout van de Gorges de l&#8217;Ard\u00e8che.<\/p>\n<\/div><div class=\"fusion-clearfix\"><\/div><\/div><\/div><div class=\"fusion-layout-column fusion_builder_column fusion-builder-column-9 fusion_builder_column_1_3 1_3 fusion-one-third fusion-column-last\" style=\"--awb-bg-size:cover;width:33.333333333333%;width:calc(33.333333333333% - ( ( 4% ) * 0.33333333333333 ) );\"><div class=\"fusion-column-wrapper fusion-flex-column-wrapper-legacy\"><div class=\"fusion-image-element fusion-image-align-center in-legacy-container\" style=\"text-align:center;--awb-caption-title-font-family:var(--h2_typography-font-family);--awb-caption-title-font-weight:var(--h2_typography-font-weight);--awb-caption-title-font-style:var(--h2_typography-font-style);--awb-caption-title-size:var(--h2_typography-font-size);--awb-caption-title-transform:var(--h2_typography-text-transform);--awb-caption-title-line-height:var(--h2_typography-line-height);--awb-caption-title-letter-spacing:var(--h2_typography-letter-spacing);\"><div class=\"imageframe-align-center\"><span class=\" fusion-imageframe imageframe-none imageframe-7 hover-type-none\"><a href=\"https:\/\/www.campinglesplatanesardeche.com\/wp-content\/uploads\/ardeche3.jpg\" class=\"fusion-lightbox\" data-rel=\"iLightbox[activites]\" data-title=\"Markt in Les Vans\" title=\"Markt in Les Vans\"><img decoding=\"async\" width=\"600\" height=\"400\" alt=\"Markt in Les Vans\" src=\"data:image\/svg+xml,%3Csvg%20xmlns%3D%27http%3A%2F%2Fwww.w3.org%2F2000%2Fsvg%27%20width%3D%27912%27%20height%3D%27684%27%20viewBox%3D%270%200%20912%20684%27%3E%3Crect%20width%3D%27912%27%20height%3D%27684%27%20fill-opacity%3D%220%22%2F%3E%3C%2Fsvg%3E\" data-orig-src=\"https:\/\/www.campinglesplatanesardeche.com\/wp-content\/uploads\/ardeche3-600x400.jpg\" class=\"lazyload img-responsive wp-image-979\"\/><\/a><\/span><\/div><\/div><div class=\"fusion-clearfix\"><\/div><\/div><\/div><\/div><\/div><\/p>\n","protected":false},"excerpt":{"rendered":"","protected":false},"author":1,"featured_media":0,"parent":0,"menu_order":0,"comment_status":"closed","ping_status":"closed","template":"","meta":{"footnotes":""},"class_list":["post-930","page","type-page","status-publish","hentry"],"_links":{"self":[{"href":"https:\/\/www.campinglesplatanesardeche.com\/nl\/wp-json\/wp\/v2\/pages\/930","targetHints":{"allow":["GET"]}}],"collection":[{"href":"https:\/\/www.campinglesplatanesardeche.com\/nl\/wp-json\/wp\/v2\/pages"}],"about":[{"href":"https:\/\/www.campinglesplatanesardeche.com\/nl\/wp-json\/wp\/v2\/types\/page"}],"author":[{"embeddable":true,"href":"https:\/\/www.campinglesplatanesardeche.com\/nl\/wp-json\/wp\/v2\/users\/1"}],"replies":[{"embeddable":true,"href":"https:\/\/www.campinglesplatanesardeche.com\/nl\/wp-json\/wp\/v2\/comments?post=930"}],"version-history":[{"count":3,"href":"https:\/\/www.campinglesplatanesardeche.com\/nl\/wp-json\/wp\/v2\/pages\/930\/revisions"}],"predecessor-version":[{"id":1120,"href":"https:\/\/www.campinglesplatanesardeche.com\/nl\/wp-json\/wp\/v2\/pages\/930\/revisions\/1120"}],"wp:attachment":[{"href":"https:\/\/www.campinglesplatanesardeche.com\/nl\/wp-json\/wp\/v2\/media?parent=930"}],"curies":[{"name":"wp","href":"https:\/\/api.w.org\/{rel}","templated":true}]}}